{"id":134,"date":"2017-08-04T17:40:23","date_gmt":"2017-08-04T17:40:23","guid":{"rendered":"https:\/\/www.darhimasports.com\/?page_id=134"},"modified":"2021-02-03T09:37:30","modified_gmt":"2021-02-03T09:37:30","slug":"about","status":"publish","type":"page","link":"https:\/\/www.darhimasports.com\/index.php\/home\/about\/","title":{"rendered":"SOBRE NOSOTROS"},"content":{"rendered":"<p align=\"justify\"><a id=\"about\"><\/a>Darhima Sports Marketing lo formamos un grupo de profesionales del mundo del marketing deportivo con amplia experiencia de m\u00e1s de 15 a\u00f1os en el mundo del patrocinio, derechos de imagen, representaci\u00f3n, comunicaci\u00f3n y creaci\u00f3n de marca, con un amplio bagaje en diferentes organizaciones deportivas de prestigio y con visi\u00f3n internacional de negocio.<\/p>\n<p>&nbsp;<\/p>\n","protected":false},"excerpt":{"rendered":"<p>Darhima Sports Marketing lo formamos un grupo de profesionales del mundo del marketing deportivo con amplia experiencia de m\u00e1s de 15 a\u00f1os en el mundo del patrocinio, derechos de imagen, representaci\u00f3n, comunicaci\u00f3n y creaci\u00f3n de marca, con un amplio bagaje en diferentes organizaciones deportivas de prestigio y con visi\u00f3n internacional de negocio. &nbsp;<\/p>\n","protected":false},"author":1,"featured_media":0,"parent":55,"menu_order":6,"comment_status":"closed","ping_status":"closed","template":"page_background.php","meta":{"footnotes":""},"class_list":["post-134","page","type-page","status-publish","hentry"],"_links":{"self":[{"href":"https:\/\/www.darhimasports.com\/index.php\/wp-json\/wp\/v2\/pages\/134","targetHints":{"allow":["GET"]}}],"collection":[{"href":"https:\/\/www.darhimasports.com\/index.php\/wp-json\/wp\/v2\/pages"}],"about":[{"href":"https:\/\/www.darhimasports.com\/index.php\/wp-json\/wp\/v2\/types\/page"}],"author":[{"embeddable":true,"href":"https:\/\/www.darhimasports.com\/index.php\/wp-json\/wp\/v2\/users\/1"}],"replies":[{"embeddable":true,"href":"https:\/\/www.darhimasports.com\/index.php\/wp-json\/wp\/v2\/comments?post=134"}],"version-history":[{"count":17,"href":"https:\/\/www.darhimasports.com\/index.php\/wp-json\/wp\/v2\/pages\/134\/revisions"}],"predecessor-version":[{"id":498,"href":"https:\/\/www.darhimasports.com\/index.php\/wp-json\/wp\/v2\/pages\/134\/revisions\/498"}],"up":[{"embeddable":true,"href":"https:\/\/www.darhimasports.com\/index.php\/wp-json\/wp\/v2\/pages\/55"}],"wp:attachment":[{"href":"https:\/\/www.darhimasports.com\/index.php\/wp-json\/wp\/v2\/media?parent=134"}],"curies":[{"name":"wp","href":"https:\/\/api.w.org\/{rel}","templated":true}]}}